{"id":2535,"date":"2020-06-16T12:37:13","date_gmt":"2020-06-16T10:37:13","guid":{"rendered":"https:\/\/pianywordpress.piavaever.dk\/hjem\/"},"modified":"2022-03-03T15:17:57","modified_gmt":"2022-03-03T14:17:57","slug":"hand-woven-rugs-throws-scarves-decorative-projects-weaver-pia-jensen","status":"publish","type":"page","link":"https:\/\/piavaever.dk\/en\/","title":{"rendered":"HOME"},"content":{"rendered":"<div class=\"wpb-content-wrapper\"><p>[vc_row row_type=&#8221;row&#8221; use_row_as_full_screen_section=&#8221;no&#8221; type=&#8221;grid&#8221; text_align=&#8221;left&#8221; background_animation=&#8221;none&#8221; css_animation=&#8221;&#8221; css=&#8221;.vc_custom_1497885005411{padding-top: 102px !important;}&#8221;][vc_column width=&#8221;7\/12&#8243;][vc_single_image image=&#8221;2723&#8243; img_size=&#8221;full&#8221; qode_css_animation=&#8221;element_from_left&#8221;][\/vc_column][vc_column width=&#8221;5\/12&#8243;][\/vc_column][\/vc_row][vc_row row_type=&#8221;row&#8221; use_row_as_full_screen_section=&#8221;no&#8221; type=&#8221;grid&#8221; text_align=&#8221;left&#8221; background_animation=&#8221;none&#8221; css_animation=&#8221;&#8221;][vc_column width=&#8221;1\/4&#8243;][\/vc_column][vc_column width=&#8221;3\/4&#8243; css=&#8221;.vc_custom_1497949709810{margin-top: -28% !important;padding-right: 0px !important;padding-left: 0px !important;}&#8221;][vc_single_image image=&#8221;2922&#8243; img_size=&#8221;full&#8221; qode_css_animation=&#8221;element_from_bottom&#8221;][\/vc_column][\/vc_row][vc_row row_type=&#8221;row&#8221; use_row_as_full_screen_section=&#8221;no&#8221; type=&#8221;grid&#8221; text_align=&#8221;left&#8221; background_animation=&#8221;none&#8221; css_animation=&#8221;element_from_right&#8221; css=&#8221;.vc_custom_1499086501784{padding-bottom: 3.8% !important;}&#8221;][vc_column css=&#8221;.vc_custom_1497885350244{margin-top: -3% !important;}&#8221;][qode_elements_holder number_of_columns=&#8221;one_column&#8221;][qode_elements_holder_item item_padding=&#8221;0% 19% 0% 10%&#8221; item_padding_768_1024=&#8221;0% 0% 0% 0%&#8221; item_padding_600_768=&#8221;0% 0% 0% 0%&#8221; item_padding_480_600=&#8221;0% 0% 0% 0%&#8221; item_padding_480=&#8221;0% 0% 0% 0%&#8221;][vc_empty_space height=&#8221;20px&#8221;][vc_column_text]<\/p>\n<h2>Welcome<\/h2>\n<p>[\/vc_column_text][vc_empty_space height=&#8221;20px&#8221;][vc_column_text css=&#8221;.vc_custom_1605710930684{padding-right: 9% !important;}&#8221;]<em>&#8211; Hand-woven rugs, throws and scarves combined with site-specific and decorative projects make up Pia Jensen\u2019s woven world. A world where professional skills, craftsmanship and experience are mainstays, along with her keen aesthetic sense. Where attention to detail and carefully designed colourways are virtues that imbue her woven pieces with qualities of depth and history.<\/em>[\/vc_column_text][vc_empty_space height=&#8221;41px&#8221;]<a href=\"https:\/\/piavaever.dk\/en\/om\/\" target=\"_self\"  class=\"qbutton  display_dash qbutton_with_icon\" style=\"\">Read more<i class=\"qode_icon_font_awesome fa  button_icon\" style=\"\" ><\/i><\/a>[\/qode_elements_holder_item][\/qode_elements_holder][vc_empty_space height=&#8221;100px&#8221;][\/vc_column][\/vc_row][vc_row row_type=&#8221;row&#8221; use_row_as_full_screen_section=&#8221;no&#8221; type=&#8221;grid&#8221; text_align=&#8221;left&#8221; background_animation=&#8221;none&#8221; css_animation=&#8221;&#8221; css=&#8221;.vc_custom_1500017259466{padding-bottom: 6.5% !important;}&#8221;][vc_column]<div class=\"qode-simple-blog-list qode-sbl-3-columns qode-sbl-animated\">\n\t\t\t<div class=\"qode-sbl-posts-holder clearfix\">\n\t\t\t<div class=\"qode-sbl-posts\">\n\t\t\t\t\t\t\t\t\t<div class=\"qode-sbl-post\">\n\t\t\t\t\t\t<div class=\"qode-sbl-post-text\">\n\t\t\t\t\t\t\t<h6 class=\"qode-sbl-category\"><a href=\"https:\/\/piavaever.dk\/en\/category\/uncategorized\/\" rel=\"category tag\">Uncategorized<\/a><\/h6>\n\t\t\t\t\t\t\t<h4 class=\"qode-sbl-post-title entry_title\" itemprop=\"name\">\n\t\t\t\t\t\t\t\t<a href=\"https:\/\/piavaever.dk\/en\/fanefjord-church\/\" itemprop=\"url\">Fanefjord Church<\/a>\n\t\t\t\t\t\t\t<\/h4>\n\t\t\t\t\t\t\t\t\t\t\t\t\t\t<p itemprop=\"description\" class=\"qode-sbl-post-excerpt\">Fanefjord Church, on M\u00f8n, has asked me to design and weave a new altar carpet for the beautiful and iconic church space...<\/p>\n\t\t\t\t\t\t\t<a href=\"https:\/\/piavaever.dk\/en\/fanefjord-church\/\" target=\"_self\"  class=\"qbutton   display_dash\" style=\"\">Read More<\/a>\t\t\t\t\t\t<\/div>\n\t\t\t\t\t<\/div>\n\t\t\t\t\t\t\t\t\t<div class=\"qode-sbl-post\">\n\t\t\t\t\t\t<div class=\"qode-sbl-post-text\">\n\t\t\t\t\t\t\t<h6 class=\"qode-sbl-category\"><a href=\"https:\/\/piavaever.dk\/en\/category\/uncategorized\/\" rel=\"category tag\">Uncategorized<\/a><\/h6>\n\t\t\t\t\t\t\t<h4 class=\"qode-sbl-post-title entry_title\" itemprop=\"name\">\n\t\t\t\t\t\t\t\t<a href=\"https:\/\/piavaever.dk\/en\/homo-faber-guide\/\" itemprop=\"url\">Homo Faber Guide<\/a>\n\t\t\t\t\t\t\t<\/h4>\n\t\t\t\t\t\t\t\t\t\t\t\t\t\t<p itemprop=\"description\" class=\"qode-sbl-post-excerpt\">Homo Faber Guide is an international european online platform, created by the Michelangelo Foundation, with the goal to ...<\/p>\n\t\t\t\t\t\t\t<a href=\"https:\/\/piavaever.dk\/en\/homo-faber-guide\/\" target=\"_self\"  class=\"qbutton   display_dash\" style=\"\">Read More<\/a>\t\t\t\t\t\t<\/div>\n\t\t\t\t\t<\/div>\n\t\t\t\t\t\t\t\t\t<div class=\"qode-sbl-post\">\n\t\t\t\t\t\t<div class=\"qode-sbl-post-text\">\n\t\t\t\t\t\t\t<h6 class=\"qode-sbl-category\"><a href=\"https:\/\/piavaever.dk\/en\/category\/video-en\/\" rel=\"category tag\">Video<\/a><\/h6>\n\t\t\t\t\t\t\t<h4 class=\"qode-sbl-post-title entry_title\" itemprop=\"name\">\n\t\t\t\t\t\t\t\t<a href=\"https:\/\/piavaever.dk\/en\/crescent-paa-24th-sharjah-islamic-arts-festival\/\" itemprop=\"url\">&#8220;Crescent&#8221;<\/a>\n\t\t\t\t\t\t\t<\/h4>\n\t\t\t\t\t\t\t\t\t\t\t\t\t\t<p itemprop=\"description\" class=\"qode-sbl-post-excerpt\">\"Crescent\" is the first outdoor artwork of my career. Made for the 24th SIAF in UAE december 2021.\r\n\r\n\"Crescent\" is plac...<\/p>\n\t\t\t\t\t\t\t<a href=\"https:\/\/piavaever.dk\/en\/crescent-paa-24th-sharjah-islamic-arts-festival\/\" target=\"_self\"  class=\"qbutton   display_dash\" style=\"\">Read More<\/a>\t\t\t\t\t\t<\/div>\n\t\t\t\t\t<\/div>\n\t\t\t\t\t\t\t<\/div>\n\t\t<\/div>\n\t<\/div>[vc_empty_space height=&#8221;100px&#8221;][\/vc_column][\/vc_row][vc_row row_type=&#8221;row&#8221; use_row_as_full_screen_section=&#8221;no&#8221; type=&#8221;grid&#8221; text_align=&#8221;left&#8221; background_animation=&#8221;none&#8221; css_animation=&#8221;&#8221;][vc_column]<div class='projects_masonry_holder projects_masonry_holder_with_columns qodef-grid-masonry-list qodef-grid-list qodef-fixed-masonry-items  masonry_extended qodef-four-columns qodef-normal-space qode-filter-position-top' data-parallax_item_speed='0.3' data-parallax_item_offset=''>\r\n    <div class=\"qodef-masonry-list-wrapper qodef-outer-space qodef-masonry-images-fixed\">\r\n        <div class=\"qodef-masonry-grid-sizer\"><\/div>\r\n        <div class=\"qodef-masonry-grid-gutter\"><\/div>\r\n        <article class=\"portfolio_masonry_item portfolio_category_139 large_width_height qodef-item-space\">\n    <div class='image_holder overlapping_title_hover'>\n        \n<span class='image'><img loading=\"lazy\" decoding=\"async\" width=\"794\" height=\"794\" src=\"https:\/\/piavaever.dk\/wp-content\/uploads\/2020\/05\/PiaJensen_vaever_43.jpg\" class=\"attachment-portfolio_masonry_large size-portfolio_masonry_large wp-post-image\" alt=\"V\u00e6ver Pia Jensen totalinstallation &quot;Rummets Uendelighed&quot;_foto Br\u00f8ndum og Co\" srcset=\"https:\/\/piavaever.dk\/wp-content\/uploads\/2020\/05\/PiaJensen_vaever_43.jpg 794w, https:\/\/piavaever.dk\/wp-content\/uploads\/2020\/05\/PiaJensen_vaever_43-300x300.jpg 300w, https:\/\/piavaever.dk\/wp-content\/uploads\/2020\/05\/PiaJensen_vaever_43-150x150.jpg 150w, https:\/\/piavaever.dk\/wp-content\/uploads\/2020\/05\/PiaJensen_vaever_43-768x768.jpg 768w, https:\/\/piavaever.dk\/wp-content\/uploads\/2020\/05\/PiaJensen_vaever_43-550x550.jpg 550w, https:\/\/piavaever.dk\/wp-content\/uploads\/2020\/05\/PiaJensen_vaever_43-500x500.jpg 500w, https:\/\/piavaever.dk\/wp-content\/uploads\/2020\/05\/PiaJensen_vaever_43-700x700.jpg 700w, https:\/\/piavaever.dk\/wp-content\/uploads\/2020\/05\/PiaJensen_vaever_43-600x600.jpg 600w, https:\/\/piavaever.dk\/wp-content\/uploads\/2020\/05\/PiaJensen_vaever_43-100x100.jpg 100w\" sizes=\"auto, (max-width: 794px) 100vw, 794px\" \/><\/span>\n\n    <a class='portfolio_link_class' href='https:\/\/piavaever.dk\/en\/portfolio_page\/site-specific-and-decorative-projects\/' target='_self'><\/a>\n        <div class=\"text_holder\">\n\t<h5 class=\"portfolio_title\" > SITE-SPECIFIC AND DECORATIVE PROJECTS<\/h5><\/div>\n\n\n    <\/div>\n<\/article>\n<article class=\"portfolio_masonry_item portfolio_category_139 default qodef-item-space\">\n    <div class='image_holder overlapping_title_hover'>\n        \n<span class='image'><img loading=\"lazy\" decoding=\"async\" width=\"500\" height=\"500\" src=\"https:\/\/piavaever.dk\/wp-content\/uploads\/2020\/11\/is-this-colour-ny-stor-500x500.jpg\" class=\"attachment-portfolio_masonry_regular size-portfolio_masonry_regular wp-post-image\" alt=\"V\u00e6ver Pia Jensen &quot;Framing - Unframing - Turning - Twisting&quot; p\u00e5 udstillingen &quot;Is this Colour?&quot;, Rundet\u00e5rn 2019,  arrangeret af Kontempo\" srcset=\"https:\/\/piavaever.dk\/wp-content\/uploads\/2020\/11\/is-this-colour-ny-stor-500x500.jpg 500w, https:\/\/piavaever.dk\/wp-content\/uploads\/2020\/11\/is-this-colour-ny-stor-150x150.jpg 150w, https:\/\/piavaever.dk\/wp-content\/uploads\/2020\/11\/is-this-colour-ny-stor-550x550.jpg 550w\" sizes=\"auto, (max-width: 500px) 100vw, 500px\" \/><\/span>\n\n    <a class='portfolio_link_class' href='https:\/\/piavaever.dk\/en\/portfolio_page\/exhibitions\/' target='_self'><\/a>\n        <div class=\"text_holder\">\n\t<h5 class=\"portfolio_title\" > EXHIBITIONS<\/h5><\/div>\n\n\n    <\/div>\n<\/article>\n<article class=\"portfolio_masonry_item portfolio_category_139 default qodef-item-space\">\n    <div class='image_holder overlapping_title_hover'>\n        \n<span class='image'><img loading=\"lazy\" decoding=\"async\" width=\"500\" height=\"500\" src=\"https:\/\/piavaever.dk\/wp-content\/uploads\/2025\/02\/20220811_120610-500x500.jpg\" class=\"attachment-portfolio_masonry_regular size-portfolio_masonry_regular wp-post-image\" alt=\"\" srcset=\"https:\/\/piavaever.dk\/wp-content\/uploads\/2025\/02\/20220811_120610-500x500.jpg 500w, https:\/\/piavaever.dk\/wp-content\/uploads\/2025\/02\/20220811_120610-150x150.jpg 150w, https:\/\/piavaever.dk\/wp-content\/uploads\/2025\/02\/20220811_120610-550x550.jpg 550w, https:\/\/piavaever.dk\/wp-content\/uploads\/2025\/02\/20220811_120610-1000x1000.jpg 1000w\" sizes=\"auto, (max-width: 500px) 100vw, 500px\" \/><\/span>\n\n    <a class='portfolio_link_class' href='https:\/\/piavaever.dk\/en\/portfolio_page\/crafts-markets-and-fairs\/' target='_self'><\/a>\n        <div class=\"text_holder\">\n\t<h5 class=\"portfolio_title\" > CRAFTS MARKETS AND FAIRS<\/h5><\/div>\n\n\n    <\/div>\n<\/article>\n<article class=\"portfolio_masonry_item portfolio_category_139 large_width qodef-item-space\">\n    <div class='image_holder overlapping_title_hover'>\n        \n<span class='image'><img loading=\"lazy\" decoding=\"async\" width=\"1000\" height=\"500\" src=\"https:\/\/piavaever.dk\/wp-content\/uploads\/2020\/09\/PJ-1-ex-2-1000x500.jpg\" class=\"attachment-portfolio_masonry_wide size-portfolio_masonry_wide wp-post-image\" alt=\"V\u00e6ver Pia Jensen detalje af t\u00e6ppet &quot;Et strejf af F\u00e6r\u00f8erne&quot; i det hjem det er v\u00e6vet til_foto Broendum og Co\" \/><\/span>\n\n    <a class='portfolio_link_class' href='https:\/\/piavaever.dk\/en\/portfolio_page\/hand-woven-rugs\/' target='_self'><\/a>\n        <div class=\"text_holder\">\n\t<h5 class=\"portfolio_title\" > HAND-WOVEN RUGS<\/h5><\/div>\n\n\n    <\/div>\n<\/article>\n<article class=\"portfolio_masonry_item portfolio_category_139 default qodef-item-space\">\n    <div class='image_holder overlapping_title_hover'>\n        \n<span class='image'><img loading=\"lazy\" decoding=\"async\" width=\"500\" height=\"500\" src=\"https:\/\/piavaever.dk\/wp-content\/uploads\/2020\/10\/PiaJensen_HAMA_IV_foto_OleAkhoej-1-500x500.jpg\" class=\"attachment-portfolio_masonry_regular size-portfolio_masonry_regular wp-post-image\" alt=\"upcycled mats surplus linen hand-woven mats by Weaver Pia Jensen, photo Ole Akhoejte &quot;HAMA IV&quot; 72 x 51 cm. Foto Ole Akh\u00f8j\" srcset=\"https:\/\/piavaever.dk\/wp-content\/uploads\/2020\/10\/PiaJensen_HAMA_IV_foto_OleAkhoej-1-500x500.jpg 500w, https:\/\/piavaever.dk\/wp-content\/uploads\/2020\/10\/PiaJensen_HAMA_IV_foto_OleAkhoej-1-150x150.jpg 150w, https:\/\/piavaever.dk\/wp-content\/uploads\/2020\/10\/PiaJensen_HAMA_IV_foto_OleAkhoej-1-550x549.jpg 550w\" sizes=\"auto, (max-width: 500px) 100vw, 500px\" \/><\/span>\n\n    <a class='portfolio_link_class' href='https:\/\/piavaever.dk\/en\/portfolio_page\/upcycled-mats\/' target='_self'><\/a>\n        <div class=\"text_holder\">\n\t<h5 class=\"portfolio_title\" > UPCYCLED MATS<\/h5><\/div>\n\n\n    <\/div>\n<\/article>\n<article class=\"portfolio_masonry_item portfolio_category_139 large_width qodef-item-space\">\n    <div class='image_holder overlapping_title_hover'>\n        \n<span class='image'><img loading=\"lazy\" decoding=\"async\" width=\"829\" height=\"500\" src=\"https:\/\/piavaever.dk\/wp-content\/uploads\/2020\/05\/PiaJ-plaid-07-1-829x500.jpg\" class=\"attachment-portfolio_masonry_wide size-portfolio_masonry_wide wp-post-image\" alt=\"Handwoven aplaca throws, photo Br\u00f8ndum og Co\" \/><\/span>\n\n    <a class='portfolio_link_class' href='https:\/\/piavaever.dk\/en\/portfolio_page\/throws-and-scarfs\/' target='_self'><\/a>\n        <div class=\"text_holder\">\n\t<h5 class=\"portfolio_title\" > THROWS AND SCARFS<\/h5><\/div>\n\n\n    <\/div>\n<\/article>\n<article class=\"portfolio_masonry_item portfolio_category_139 default qodef-item-space\">\n    <div class='image_holder overlapping_title_hover'>\n        \n<span class='image'><img loading=\"lazy\" decoding=\"async\" width=\"500\" height=\"500\" src=\"https:\/\/piavaever.dk\/wp-content\/uploads\/2025\/03\/KIRKE-RUM-500x500.png\" class=\"attachment-portfolio_masonry_regular size-portfolio_masonry_regular wp-post-image\" alt=\"\" srcset=\"https:\/\/piavaever.dk\/wp-content\/uploads\/2025\/03\/KIRKE-RUM-500x500.png 500w, https:\/\/piavaever.dk\/wp-content\/uploads\/2025\/03\/KIRKE-RUM-300x300.png 300w, https:\/\/piavaever.dk\/wp-content\/uploads\/2025\/03\/KIRKE-RUM-1024x1024.png 1024w, https:\/\/piavaever.dk\/wp-content\/uploads\/2025\/03\/KIRKE-RUM-150x150.png 150w, https:\/\/piavaever.dk\/wp-content\/uploads\/2025\/03\/KIRKE-RUM-768x768.png 768w, https:\/\/piavaever.dk\/wp-content\/uploads\/2025\/03\/KIRKE-RUM-1536x1536.png 1536w, https:\/\/piavaever.dk\/wp-content\/uploads\/2025\/03\/KIRKE-RUM-550x550.png 550w, https:\/\/piavaever.dk\/wp-content\/uploads\/2025\/03\/KIRKE-RUM-1000x1000.png 1000w, https:\/\/piavaever.dk\/wp-content\/uploads\/2025\/03\/KIRKE-RUM-700x700.png 700w, https:\/\/piavaever.dk\/wp-content\/uploads\/2025\/03\/KIRKE-RUM-1100x1100.png 1100w, https:\/\/piavaever.dk\/wp-content\/uploads\/2025\/03\/KIRKE-RUM.png 1667w\" sizes=\"auto, (max-width: 500px) 100vw, 500px\" \/><\/span>\n\n    <a class='portfolio_link_class' href='https:\/\/piavaever.dk\/en\/portfolio_page\/church-textiles-2\/' target='_self'><\/a>\n        <div class=\"text_holder\">\n\t<h5 class=\"portfolio_title\" > CHURCH TEXTILES<\/h5><\/div>\n\n\n    <\/div>\n<\/article>\n    <\/div>\r\n<\/div>\r\n[vc_empty_space height=&#8221;100px&#8221;][\/vc_column][\/vc_row][vc_row row_type=&#8221;row&#8221; use_row_as_full_screen_section=&#8221;no&#8221; type=&#8221;grid&#8221; text_align=&#8221;right&#8221; background_animation=&#8221;none&#8221; css_animation=&#8221;&#8221;][vc_column width=&#8221;1\/2&#8243;][\/vc_column][vc_column width=&#8221;1\/2&#8243;][vc_single_image image=&#8221;2920&#8243; img_size=&#8221;full&#8221; qode_css_animation=&#8221;element_from_right&#8221;][\/vc_column][\/vc_row][vc_row row_type=&#8221;row&#8221; use_row_as_full_screen_section=&#8221;no&#8221; type=&#8221;grid&#8221; text_align=&#8221;left&#8221; background_animation=&#8221;none&#8221; css_animation=&#8221;&#8221;][vc_column width=&#8221;10\/12&#8243; css=&#8221;.vc_custom_1497954234995{margin-top: -30% !important;}&#8221;][vc_single_image image=&#8221;2893&#8243; img_size=&#8221;full&#8221; qode_css_animation=&#8221;element_from_left&#8221;][\/vc_column][vc_column width=&#8221;2\/12&#8243;][\/vc_column][\/vc_row][vc_row row_type=&#8221;row&#8221; use_row_as_full_screen_section=&#8221;no&#8221; type=&#8221;grid&#8221; text_align=&#8221;left&#8221; background_animation=&#8221;none&#8221; css_animation=&#8221;element_from_bottom&#8221; css=&#8221;.vc_custom_1500016343884{padding-bottom: 6.5% !important;}&#8221;][vc_column offset=&#8221;vc_col-lg-5 vc_col-md-12&#8243;][\/vc_column][vc_column css=&#8221;.vc_custom_1498126255425{margin-top: -5% !important;}&#8221; offset=&#8221;vc_col-lg-7 vc_col-md-12&#8243;][vc_column_text]<\/p>\n<h2>The core idea<\/h2>\n<p>[\/vc_column_text][vc_empty_space height=&#8221;20px&#8221;][vc_column_text]<em>\u2018Whether I am in Iceland, observing how the mountains fold themselves into form, inside out, and what should be the ground beneath my feet\u00a0rises up as mountainsides, hundreds of metres high, or whether I am inside a building in the Arab world, surrounded by its wealth of Moorish patterns in mosaics, stucco, carved wood and masonry, I have the same strong sense of the creative power of the world and the infinitely rich space we live in \u2013 shaped by nature and culture.\u2019<\/em><br \/>\n<em>Pia Jensen 2012<\/em>[\/vc_column_text][vc_empty_space height=&#8221;41px&#8221;][\/vc_column][\/vc_row]<\/p>\n<\/div>","protected":false},"excerpt":{"rendered":"<p>[vc_row row_type=&#8221;row&#8221; use_row_as_full_screen_section=&#8221;no&#8221; type=&#8221;grid&#8221; text_align=&#8221;left&#8221; background_animation=&#8221;none&#8221; css_animation=&#8221;&#8221; css=&#8221;.vc_custom_1497885005411{padding-top: 102px !important;}&#8221;][vc_column width=&#8221;7\/12&#8243;][vc_single_image image=&#8221;2723&#8243; img_size=&#8221;full&#8221; qode_css_animation=&#8221;element_from_left&#8221;][\/vc_column][vc_column width=&#8221;5\/12&#8243;][\/vc_column][\/vc_row][vc_row row_type=&#8221;row&#8221; use_row_as_full_screen_section=&#8221;no&#8221; type=&#8221;grid&#8221; text_align=&#8221;left&#8221; background_animation=&#8221;none&#8221; css_animation=&#8221;&#8221;][vc_column width=&#8221;1\/4&#8243;][\/vc_column][vc_column width=&#8221;3\/4&#8243; css=&#8221;.vc_custom_1497949709810{margin-top: -28% !important;padding-right: 0px !important;padding-left: 0px !important;}&#8221;][vc_single_image image=&#8221;2922&#8243; img_size=&#8221;full&#8221; qode_css_animation=&#8221;element_from_bottom&#8221;][\/vc_column][\/vc_row][vc_row row_type=&#8221;row&#8221; use_row_as_full_screen_section=&#8221;no&#8221; type=&#8221;grid&#8221; text_align=&#8221;left&#8221; background_animation=&#8221;none&#8221; css_animation=&#8221;element_from_right&#8221; css=&#8221;.vc_custom_1499086501784{padding-bottom: 3.8% !important;}&#8221;][vc_column css=&#8221;.vc_custom_1497885350244{margin-top: -3% !important;}&#8221;][qode_elements_holder&#8230;<\/p>\n","protected":false},"author":1,"featured_media":0,"parent":0,"menu_order":0,"comment_status":"closed","ping_status":"closed","template":"","meta":{"footnotes":""},"class_list":["post-2535","page","type-page","status-publish","hentry"],"yoast_head":"<!-- This site is optimized with the Yoast SEO plugin v27.4 - https:\/\/yoast.com\/product\/yoast-seo-wordpress\/ -->\n<title>HOME - v\u00e6ver Pia Jensen<\/title>\n<meta name=\"description\" content=\"Hand-woven rugs, throws and scarves combined with site-specific and decorative projects make up Pia Jensen\u2019s woven world.\" \/>\n<meta name=\"robots\" content=\"index, follow, max-snippet:-1, max-image-preview:large, max-video-preview:-1\" \/>\n<link rel=\"canonical\" href=\"https:\/\/piavaever.dk\/en\/\" \/>\n<meta property=\"og:locale\" content=\"en_US\" \/>\n<meta property=\"og:type\" content=\"article\" \/>\n<meta property=\"og:title\" content=\"HOME - v\u00e6ver Pia Jensen\" \/>\n<meta property=\"og:description\" content=\"Hand-woven rugs, throws and scarves combined with site-specific and decorative projects make up Pia Jensen\u2019s woven world.\" \/>\n<meta property=\"og:url\" content=\"https:\/\/piavaever.dk\/en\/\" \/>\n<meta property=\"og:site_name\" content=\"v\u00e6ver Pia Jensen\" \/>\n<meta property=\"article:modified_time\" content=\"2022-03-03T14:17:57+00:00\" \/>\n<meta name=\"twitter:card\" content=\"summary_large_image\" \/>\n<meta name=\"twitter:label1\" content=\"Est. reading time\" \/>\n\t<meta name=\"twitter:data1\" content=\"2 minutes\" \/>\n<script type=\"application\/ld+json\" class=\"yoast-schema-graph\">{\"@context\":\"https:\\\/\\\/schema.org\",\"@graph\":[{\"@type\":\"WebPage\",\"@id\":\"https:\\\/\\\/piavaever.dk\\\/en\\\/\",\"url\":\"https:\\\/\\\/piavaever.dk\\\/en\\\/\",\"name\":\"HOME - v\u00e6ver Pia Jensen\",\"isPartOf\":{\"@id\":\"https:\\\/\\\/piavaever.dk\\\/en\\\/#website\"},\"datePublished\":\"2020-06-16T10:37:13+00:00\",\"dateModified\":\"2022-03-03T14:17:57+00:00\",\"description\":\"Hand-woven rugs, throws and scarves combined with site-specific and decorative projects make up Pia Jensen\u2019s woven world.\",\"breadcrumb\":{\"@id\":\"https:\\\/\\\/piavaever.dk\\\/en\\\/#breadcrumb\"},\"inLanguage\":\"en-US\",\"potentialAction\":[{\"@type\":\"ReadAction\",\"target\":[\"https:\\\/\\\/piavaever.dk\\\/en\\\/\"]}]},{\"@type\":\"BreadcrumbList\",\"@id\":\"https:\\\/\\\/piavaever.dk\\\/en\\\/#breadcrumb\",\"itemListElement\":[{\"@type\":\"ListItem\",\"position\":1,\"name\":\"Hjem\",\"item\":\"https:\\\/\\\/piavaever.dk\\\/en\\\/\"},{\"@type\":\"ListItem\",\"position\":2,\"name\":\"HOME\"}]},{\"@type\":\"WebSite\",\"@id\":\"https:\\\/\\\/piavaever.dk\\\/en\\\/#website\",\"url\":\"https:\\\/\\\/piavaever.dk\\\/en\\\/\",\"name\":\"v\u00e6ver Pia Jensen\",\"description\":\"en verden fuld af muligheder\",\"potentialAction\":[{\"@type\":\"SearchAction\",\"target\":{\"@type\":\"EntryPoint\",\"urlTemplate\":\"https:\\\/\\\/piavaever.dk\\\/en\\\/?s={search_term_string}\"},\"query-input\":{\"@type\":\"PropertyValueSpecification\",\"valueRequired\":true,\"valueName\":\"search_term_string\"}}],\"inLanguage\":\"en-US\"}]}<\/script>\n<!-- \/ Yoast SEO plugin. -->","yoast_head_json":{"title":"HOME - v\u00e6ver Pia Jensen","description":"Hand-woven rugs, throws and scarves combined with site-specific and decorative projects make up Pia Jensen\u2019s woven world.","robots":{"index":"index","follow":"follow","max-snippet":"max-snippet:-1","max-image-preview":"max-image-preview:large","max-video-preview":"max-video-preview:-1"},"canonical":"https:\/\/piavaever.dk\/en\/","og_locale":"en_US","og_type":"article","og_title":"HOME - v\u00e6ver Pia Jensen","og_description":"Hand-woven rugs, throws and scarves combined with site-specific and decorative projects make up Pia Jensen\u2019s woven world.","og_url":"https:\/\/piavaever.dk\/en\/","og_site_name":"v\u00e6ver Pia Jensen","article_modified_time":"2022-03-03T14:17:57+00:00","twitter_card":"summary_large_image","twitter_misc":{"Est. reading time":"2 minutes"},"schema":{"@context":"https:\/\/schema.org","@graph":[{"@type":"WebPage","@id":"https:\/\/piavaever.dk\/en\/","url":"https:\/\/piavaever.dk\/en\/","name":"HOME - v\u00e6ver Pia Jensen","isPartOf":{"@id":"https:\/\/piavaever.dk\/en\/#website"},"datePublished":"2020-06-16T10:37:13+00:00","dateModified":"2022-03-03T14:17:57+00:00","description":"Hand-woven rugs, throws and scarves combined with site-specific and decorative projects make up Pia Jensen\u2019s woven world.","breadcrumb":{"@id":"https:\/\/piavaever.dk\/en\/#breadcrumb"},"inLanguage":"en-US","potentialAction":[{"@type":"ReadAction","target":["https:\/\/piavaever.dk\/en\/"]}]},{"@type":"BreadcrumbList","@id":"https:\/\/piavaever.dk\/en\/#breadcrumb","itemListElement":[{"@type":"ListItem","position":1,"name":"Hjem","item":"https:\/\/piavaever.dk\/en\/"},{"@type":"ListItem","position":2,"name":"HOME"}]},{"@type":"WebSite","@id":"https:\/\/piavaever.dk\/en\/#website","url":"https:\/\/piavaever.dk\/en\/","name":"v\u00e6ver Pia Jensen","description":"en verden fuld af muligheder","potentialAction":[{"@type":"SearchAction","target":{"@type":"EntryPoint","urlTemplate":"https:\/\/piavaever.dk\/en\/?s={search_term_string}"},"query-input":{"@type":"PropertyValueSpecification","valueRequired":true,"valueName":"search_term_string"}}],"inLanguage":"en-US"}]}},"_links":{"self":[{"href":"https:\/\/piavaever.dk\/en\/wp-json\/wp\/v2\/pages\/2535","targetHints":{"allow":["GET"]}}],"collection":[{"href":"https:\/\/piavaever.dk\/en\/wp-json\/wp\/v2\/pages"}],"about":[{"href":"https:\/\/piavaever.dk\/en\/wp-json\/wp\/v2\/types\/page"}],"author":[{"embeddable":true,"href":"https:\/\/piavaever.dk\/en\/wp-json\/wp\/v2\/users\/1"}],"replies":[{"embeddable":true,"href":"https:\/\/piavaever.dk\/en\/wp-json\/wp\/v2\/comments?post=2535"}],"version-history":[{"count":11,"href":"https:\/\/piavaever.dk\/en\/wp-json\/wp\/v2\/pages\/2535\/revisions"}],"predecessor-version":[{"id":3881,"href":"https:\/\/piavaever.dk\/en\/wp-json\/wp\/v2\/pages\/2535\/revisions\/3881"}],"wp:attachment":[{"href":"https:\/\/piavaever.dk\/en\/wp-json\/wp\/v2\/media?parent=2535"}],"curies":[{"name":"wp","href":"https:\/\/api.w.org\/{rel}","templated":true}]}}